{"id":9770,"date":"2025-05-12T10:41:26","date_gmt":"2025-05-12T08:41:26","guid":{"rendered":"https:\/\/reedinswiss.com\/?post_type=product&#038;p=9770"},"modified":"2026-04-10T22:11:56","modified_gmt":"2026-04-10T20:11:56","slug":"supermodel-htf-2025","status":"publish","type":"product","link":"https:\/\/reedinswiss.com\/de\/product\/supermodel-htf-2025\/","title":{"rendered":"SuperModel AFT 2026"},"content":{"rendered":"<p data-start=\"51\" data-end=\"316\">La SuperModel excelle dans toutes les disciplines. Avec une puissance constante dans les virages et un contr\u00f4le pr\u00e9cis, c\u2019est l\u2019aile la plus facile et intuitive pour tout faire dans les airs.<\/p>\n<p data-start=\"318\" data-end=\"832\">Gr\u00e2ce \u00e0 la collaboration en design entre Damien Girardin et Ralf Groesel, la SuperModel 2026 a b\u00e9n\u00e9fici\u00e9 de mises \u00e0 jour majeures au niveau de la forme, des bridages et de la technologie de construction afin d\u2019offrir les meilleures performances possibles dans le segment \u00ab do-it-all \u00bb. Elle est plus facile et intuitive que jamais \u00e0 piloter, avec une pression en barre all\u00e9g\u00e9e et une r\u00e9ponse plus rapide. Cette sensation de l\u00e9g\u00e8ret\u00e9 la rend plus maniable dans les vents forts, d\u00e9bloquant un nouveau niveau de saut.<\/p>\n<p data-start=\"834\" data-end=\"1487\">Le nouveau syst\u00e8me de bridage sans poulie est con\u00e7u pour vous propulser toujours plus haut dans le ciel avec un hangtime sans effort, tout en permettant un plus grand d\u00e9power dans le d\u00e9battement de la barre, offrant ainsi beaucoup plus de contr\u00f4le. L\u2019ajout de renforts sur le bord de fuite r\u00e9duit la tra\u00een\u00e9e lors des virages. Combin\u00e9s \u00e0 une r\u00e9duction de poids et \u00e0 la technologie HTF3, ces changements rendent la SuperModel 2025 nettement plus rapide en loop. La traction et la reprise sont si fluides et pr\u00e9visibles que, du premier kiteloop aux variantes les plus techniques, tout le monde se sentira plus confiant et motiv\u00e9 pour repousser ses limites.<\/p>","protected":false},"excerpt":{"rendered":"<p>La SuperModel excelle dans toutes les disciplines. Avec une puissance constante dans les virages et un contr\u00f4le pr\u00e9cis, c\u2019est l\u2019aile la plus facile et intuitive pour tout faire dans les airs. Gr\u00e2ce \u00e0 la collaboration en design entre Damien Girardin et Ralf Groesel, la SuperModel 2026 a b\u00e9n\u00e9fici\u00e9 de mises&hellip;<\/p>","protected":false},"featured_media":12134,"comment_status":"closed","ping_status":"closed","template":"","meta":{"_coblocks_attr":"","_coblocks_dimensions":"","_coblocks_responsive_height":"","_coblocks_accordion_ie_support":"","_crdt_document":"","advanced_seo_description":"","jetpack_seo_html_title":"","jetpack_seo_noindex":false,"jetpack_publicize_message":"","jetpack_publicize_feature_enabled":true,"jetpack_social_post_already_shared":true,"jetpack_social_options":{"image_generator_settings":{"template":"highway","default_image_id":0,"font":"","enabled":false},"version":2},"_wpas_customize_per_network":false},"product_brand":[],"product_cat":[6421,6441],"product_tag":[],"class_list":{"0":"post-9770","1":"product","2":"type-product","3":"status-publish","4":"has-post-thumbnail","6":"product_cat-ailes","7":"product_cat-kitesurfing","9":"first","10":"onbackorder","11":"featured","12":"purchasable","13":"product-type-variable","14":"has-default-attributes"},"exclude_global_add_ons":[],"addons":[],"jetpack_publicize_connections":[],"jetpack_likes_enabled":false,"jetpack_sharing_enabled":false,"_links":{"self":[{"href":"https:\/\/reedinswiss.com\/de\/wp-json\/wp\/v2\/product\/9770","targetHints":{"allow":["GET"]}}],"collection":[{"href":"https:\/\/reedinswiss.com\/de\/wp-json\/wp\/v2\/product"}],"about":[{"href":"https:\/\/reedinswiss.com\/de\/wp-json\/wp\/v2\/types\/product"}],"replies":[{"embeddable":true,"href":"https:\/\/reedinswiss.com\/de\/wp-json\/wp\/v2\/comments?post=9770"}],"wp:featuredmedia":[{"embeddable":true,"href":"https:\/\/reedinswiss.com\/de\/wp-json\/wp\/v2\/media\/12134"}],"wp:attachment":[{"href":"https:\/\/reedinswiss.com\/de\/wp-json\/wp\/v2\/media?parent=9770"}],"wp:term":[{"taxonomy":"product_brand","embeddable":true,"href":"https:\/\/reedinswiss.com\/de\/wp-json\/wp\/v2\/product_brand?post=9770"},{"taxonomy":"product_cat","embeddable":true,"href":"https:\/\/reedinswiss.com\/de\/wp-json\/wp\/v2\/product_cat?post=9770"},{"taxonomy":"product_tag","embeddable":true,"href":"https:\/\/reedinswiss.com\/de\/wp-json\/wp\/v2\/product_tag?post=9770"}],"curies":[{"name":"wp","href":"https:\/\/api.w.org\/{rel}","templated":true}]}}