{"id":9645,"date":"2025-05-04T17:51:16","date_gmt":"2025-05-04T15:51:16","guid":{"rendered":"https:\/\/reedinswiss.com\/?post_type=product&#038;p=9645"},"modified":"2026-04-10T21:59:28","modified_gmt":"2026-04-10T19:59:28","slug":"whispermodel","status":"publish","type":"product","link":"https:\/\/reedinswiss.com\/de\/product\/whispermodel\/","title":{"rendered":"WhisperModel (2026)"},"content":{"rendered":"<p>La Reedin Whisper est l\u2019aile id\u00e9ale pour prolonger vos sessions m\u00eame quand le vent fait la sieste. Imagin\u00e9e par deux grands noms du kite, Ralf Gr\u00f6sel et Damien Girardin, la Whisper vous ouvre la porte d\u2019un monde magique \u00e0 partir de seulement 4 n\u0153uds ! Hyper l\u00e9g\u00e8re, rapide et incroyablement r\u00e9active, elle transforme chaque brise en session inoubliable. Plus de temps sur l\u2019eau, moins d\u2019attente sur la plage. Comme \u00e7a devrait toujours \u00eatre !<\/p>\n<p class=\"\" data-start=\"49\" data-end=\"424\"><strong>Production Brainchild<\/strong><br \/>\nProduire chez Brainchild permet de cr\u00e9er les ailes les plus l\u00e9g\u00e8res et les plus r\u00e9actives du march\u00e9, ouvrant ainsi un tout nouveau monde de navigation par vent l\u00e9ger \u2014 et enfin, cela devient amusant ! De plus, les \u00e9coles de kitesurf disposent de l\u2019outil id\u00e9al pour maximiser leurs heures d\u2019exploitation, gr\u00e2ce \u00e0 une aile qui offre une courbe d\u2019apprentissage facile et rapide.<\/p>\n<p class=\"\" data-start=\"426\" data-end=\"1012\"><strong data-start=\"426\" data-end=\"480\">Le kitesurf par vent l\u00e9ger devient enfin amusant !<\/strong><br data-start=\"480\" data-end=\"483\" \/>C\u2019est en fait la principale motivation derri\u00e8re le d\u00e9veloppement du <em data-start=\"551\" data-end=\"565\">Whispermodel<\/em>. Ce n\u2019est pas seulement une question de performances en bas ou haut de plage, mais du ressenti vif et r\u00e9actif qui rend le kitesurf vraiment fun dans ces conditions. Fini les bords puissants dans les rafales pour pousser l\u2019aile en bord de fen\u00eatre, ou l\u2019attente d\u2019une r\u00e9ponse apr\u00e8s avoir tir\u00e9 la barre \u2014 tout est instantan\u00e9 et sans effort, avec une aile qui g\u00e9n\u00e8re un vent apparent si fluide que vous comprendrez le nom d\u00e8s que vous la ferez voler.<\/p>\n<p class=\"\" data-start=\"1014\" data-end=\"1454\"><strong data-start=\"1014\" data-end=\"1052\">D\u00e9collez avec la plus l\u00e9g\u00e8re brise<\/strong><br data-start=\"1052\" data-end=\"1055\" \/>D\u00e8s que la <em data-start=\"1066\" data-end=\"1080\">WHISPERMODEL<\/em> reste en l\u2019air, soit autour de 4 \u00e0 6 n\u0153uds, vous \u00eates capable de rider. On dirait que 4-6 n\u0153uds n\u00e9cessitent une planche foil, et qu\u2019au-del\u00e0 de 6 n\u0153uds, une grande twintip vous fera partir sans probl\u00e8me. Avec des capacit\u00e9s de red\u00e9collage tout aussi impressionnantes, aussi bien les riders exp\u00e9riment\u00e9s que les \u00e9l\u00e8ves passeront plus de temps sur l\u2019eau que jamais auparavant !<\/p>\n<p class=\"\" data-start=\"1456\" data-end=\"2155\"><strong data-start=\"1456\" data-end=\"1486\">Performances haut de gamme<\/strong><br data-start=\"1486\" data-end=\"1489\" \/>Tout aussi important : les performances exceptionnelles que vous obtenez de ces grandes ailes, m\u00eame dans les vents forts. Cela signifie que vous n\u2019avez plus besoin de changer d\u2019aile lorsque le vent monte. Le niveau de d\u00e9power offert par le d\u00e9battement de la barre, ainsi que le comportement naturellement orient\u00e9 vers l\u2019avant de l\u2019aile, rendent le maintien du cap dans le vent fort sans effort, et permettent des sauts verticaux impressionnants comme jamais auparavant. Imaginez 20 n\u0153uds, et vous \u00eates ce rider qui reste suspendu dans les airs ind\u00e9finiment, sautant plus haut et plus loin que tous les autres. C\u2019est ce que le <em data-start=\"2115\" data-end=\"2129\">Whispermodel<\/em> vous permet de r\u00e9aliser !<\/p>\n<ul>\n<li>Vent l\u00e9ger | Freeride | Big Air | Foil<\/li>\n<li>Plage de vent : \u00e0 partir de 4-6 n\u0153uds<\/li>\n<li>Toile Hardflyte Canopy<\/li>\n<li>Construction PROWELD\u00ae<\/li>\n<li>Syst\u00e8me de bridage sans poulie<\/li>\n<li>Production Brainchild<\/li>\n<\/ul>\n<p>&nbsp;<\/p>\n<p><span class=\"embed-youtube\" style=\"text-align:center; display: block;\"><iframe loading=\"lazy\" class=\"youtube-player\" width=\"640\" height=\"360\" src=\"https:\/\/www.youtube.com\/embed\/UYV2E-yIO7s?version=3&#038;rel=1&#038;showsearch=0&#038;showinfo=1&#038;iv_load_policy=1&#038;fs=1&#038;hl=de-CH&#038;autohide=2&#038;wmode=transparent\" allowfullscreen=\"true\" style=\"border:0;\" sandbox=\"allow-scripts allow-same-origin allow-popups allow-presentation allow-popups-to-escape-sandbox\"><\/iframe><\/span><\/p>","protected":false},"excerpt":{"rendered":"<p>La Reedin Whisper est l\u2019aile id\u00e9ale pour prolonger vos sessions m\u00eame quand le vent fait la sieste. Imagin\u00e9e par deux grands noms du kite, Ralf Gr\u00f6sel et Damien Girardin, la Whisper vous ouvre la porte d\u2019un monde magique \u00e0 partir de seulement 4 n\u0153uds ! Hyper l\u00e9g\u00e8re, rapide et incroyablement&hellip;<\/p>","protected":false},"featured_media":9655,"comment_status":"closed","ping_status":"closed","template":"","meta":{"_coblocks_attr":"","_coblocks_dimensions":"","_coblocks_responsive_height":"","_coblocks_accordion_ie_support":"","_crdt_document":"","advanced_seo_description":"","jetpack_seo_html_title":"","jetpack_seo_noindex":false,"jetpack_publicize_message":"","jetpack_publicize_feature_enabled":true,"jetpack_social_post_already_shared":true,"jetpack_social_options":{"image_generator_settings":{"template":"highway","default_image_id":0,"font":"","enabled":false},"version":2},"_wpas_customize_per_network":false},"product_brand":[],"product_cat":[6421,6441],"product_tag":[],"class_list":{"0":"post-9645","1":"product","2":"type-product","3":"status-publish","4":"has-post-thumbnail","6":"product_cat-ailes","7":"product_cat-kitesurfing","9":"first","10":"onbackorder","11":"purchasable","12":"product-type-variable","13":"has-default-attributes"},"exclude_global_add_ons":[],"addons":[],"jetpack_publicize_connections":[],"jetpack_likes_enabled":false,"jetpack_sharing_enabled":false,"_links":{"self":[{"href":"https:\/\/reedinswiss.com\/de\/wp-json\/wp\/v2\/product\/9645","targetHints":{"allow":["GET"]}}],"collection":[{"href":"https:\/\/reedinswiss.com\/de\/wp-json\/wp\/v2\/product"}],"about":[{"href":"https:\/\/reedinswiss.com\/de\/wp-json\/wp\/v2\/types\/product"}],"replies":[{"embeddable":true,"href":"https:\/\/reedinswiss.com\/de\/wp-json\/wp\/v2\/comments?post=9645"}],"wp:featuredmedia":[{"embeddable":true,"href":"https:\/\/reedinswiss.com\/de\/wp-json\/wp\/v2\/media\/9655"}],"wp:attachment":[{"href":"https:\/\/reedinswiss.com\/de\/wp-json\/wp\/v2\/media?parent=9645"}],"wp:term":[{"taxonomy":"product_brand","embeddable":true,"href":"https:\/\/reedinswiss.com\/de\/wp-json\/wp\/v2\/product_brand?post=9645"},{"taxonomy":"product_cat","embeddable":true,"href":"https:\/\/reedinswiss.com\/de\/wp-json\/wp\/v2\/product_cat?post=9645"},{"taxonomy":"product_tag","embeddable":true,"href":"https:\/\/reedinswiss.com\/de\/wp-json\/wp\/v2\/product_tag?post=9645"}],"curies":[{"name":"wp","href":"https:\/\/api.w.org\/{rel}","templated":true}]}}