{"id":9639,"date":"2025-05-04T17:37:46","date_gmt":"2025-05-04T15:37:46","guid":{"rendered":"https:\/\/reedinswiss.com\/?post_type=product&#038;p=9639"},"modified":"2026-04-11T10:03:42","modified_gmt":"2026-04-11T08:03:42","slug":"barre-dreamstick-x-2-5-2025","status":"publish","type":"product","link":"https:\/\/reedinswiss.com\/de\/product\/barre-dreamstick-x-2-5-2025\/","title":{"rendered":"Barre DreamStick X V 2.5 (2025)"},"content":{"rendered":"<p>La barre de kitesurf Reedin DreamStick X a de belles nouveaut\u00e9s pour am\u00e9liorer cette barre aux nombreux atouts. Les \u00e9volutions sont issues du retour des clients afin d\u2019avoir un produit qui correspond aux attentes.<\/p>\n<p>Cette barre garde ce largueur \u00ab Push \u00bb qui se r\u00e9arme facilement.Ainsi pour le larguer, c\u2019est simple, vous avez juste \u00e0 pousser, la ligne de s\u00e9curit\u00e9 s\u2019actionne et l\u2019aile se pose dans l\u2019eau sans puissance. Pour le r\u00e9armer le largueur, c\u2019est simple, il suffit de rentrer le chickenloop dans l\u2019encolure pr\u00e9vu \u00e0 cet effet. Nul besoin de remonter le capuchon, \u00e7a se clippe comme une ceinture de s\u00e9curit\u00e9.<\/p>\n<p>La taille de la barre est ajustable afin d\u2019avoir une barre qui corresponde bien \u00e0 l\u2019aile. On peut modifier la taille barre de 49cms (en petit 43cms) ou 43cms (en petit 37cms), mais aussi raccourcir ou allonger les lignes arri\u00e8res. Le diam\u00e8tre de la barre est fin pour une meilleure pr\u00e9hension. Elle est compos\u00e9e de nervures l\u00e9g\u00e8rement d\u00e9sax\u00e9es pour que vous puissiez avoir une pr\u00e9hension accrue. Cela permet de sentir \u00e9galement de sentir si on attrape sa barre \u00e0 l\u2019envers.<br \/>\nLes couleurs intenses permettent de rep\u00e9rer le c\u00f4t\u00e9 gauche ou droit de la barre. De plus, les nouveaux flotteurs et la forme des extr\u00e9mit\u00e9s de la barre rendent plus pratique la barre.<\/p>\n<p>A la diff\u00e9rence de la V1, la marque utilise des nouvelles lignes sont en Dyneema\u00ae SK99 qui apporte plus r\u00e9sistance et r\u00e9pondant. Ces lignes de 22+2m pr\u00e9-\u00e9tir\u00e9es garantissent une excellente durabilit\u00e9. Elles se d\u00e9m\u00ealent facilement que sur la V1.<br \/>\nLe choix de la marque est de d\u00e9velopper les ailes sur un V-Bas avec une s\u00e9curit\u00e9 sur une ligne avant. La s\u00e9curit\u00e9 sur un avant est la plus aboutie qui lorsque l\u2019on actionne met l\u2019aile en drapeau et enl\u00e8ve la puissance. De plus, il permet d\u2019avoir un excellent ressenti en barre.<\/p>\n<p>Elle n\u2019a pas besoin de d\u00e9vrilleur ou \u00e9merillon. Reedin poss\u00e8de un gainage int\u00e9gral qui rend la barre super propre et \u00e9pur\u00e9e. Cette gaine est coup\u00e9e en deux afin d\u2019avoir une ligne de s\u00e9curit\u00e9 et une ligne de border\/choquer. Le syst\u00e8me de d\u00e9vrillage automatique a \u00e9t\u00e9 am\u00e9lior\u00e9 afin d\u2019avoir meilleure fluidit\u00e9 et durabilit\u00e9. Au niveau du chickenloop, le border choquer poss\u00e8de un roulement \u00e0 billes qui assure le d\u00e9vrillage de la barre syst\u00e9matiquement. Le syst\u00e8me est ing\u00e9nieux, il est un vrai plaisir en navigation. Le clamceat permet d\u2019avoir un taquet fiable, efficace, durable et pr\u00e9cis. Les pi\u00e8ces peuvent \u00eatre facilement d\u00e9mont\u00e9es avec une cl\u00e9 FCS.<\/p>\n<p>La barre Reedin Dreamstick X s\u2019am\u00e9liore afin d\u2019ajouter des atouts innovants qui s\u00e9duisent. Elle se marie parfaitement avec la Reedin SuperModel !<\/p>","protected":false},"excerpt":{"rendered":"<p>La barre de kitesurf Reedin DreamStick X a de belles nouveaut\u00e9s pour am\u00e9liorer cette barre aux nombreux atouts. Les \u00e9volutions sont issues du retour des clients afin d\u2019avoir un produit qui correspond aux attentes. Cette barre garde ce largueur \u00ab Push \u00bb qui se r\u00e9arme facilement.Ainsi pour le larguer, c\u2019est&hellip;<\/p>","protected":false},"featured_media":9641,"comment_status":"closed","ping_status":"closed","template":"","meta":{"_coblocks_attr":"","_coblocks_dimensions":"","_coblocks_responsive_height":"","_coblocks_accordion_ie_support":"","_crdt_document":"","advanced_seo_description":"","jetpack_seo_html_title":"","jetpack_seo_noindex":false,"jetpack_publicize_message":"","jetpack_publicize_feature_enabled":true,"jetpack_social_post_already_shared":true,"jetpack_social_options":{"image_generator_settings":{"template":"highway","default_image_id":0,"font":"","enabled":false},"version":2},"_wpas_customize_per_network":false},"product_brand":[],"product_cat":[6422,6441],"product_tag":[],"class_list":{"0":"post-9639","1":"product","2":"type-product","3":"status-publish","4":"has-post-thumbnail","6":"product_cat-barres","7":"product_cat-kitesurfing","9":"first","10":"onbackorder","11":"purchasable","12":"product-type-simple"},"exclude_global_add_ons":[],"addons":[],"jetpack_publicize_connections":[],"jetpack_likes_enabled":false,"jetpack_sharing_enabled":false,"_links":{"self":[{"href":"https:\/\/reedinswiss.com\/de\/wp-json\/wp\/v2\/product\/9639","targetHints":{"allow":["GET"]}}],"collection":[{"href":"https:\/\/reedinswiss.com\/de\/wp-json\/wp\/v2\/product"}],"about":[{"href":"https:\/\/reedinswiss.com\/de\/wp-json\/wp\/v2\/types\/product"}],"replies":[{"embeddable":true,"href":"https:\/\/reedinswiss.com\/de\/wp-json\/wp\/v2\/comments?post=9639"}],"wp:featuredmedia":[{"embeddable":true,"href":"https:\/\/reedinswiss.com\/de\/wp-json\/wp\/v2\/media\/9641"}],"wp:attachment":[{"href":"https:\/\/reedinswiss.com\/de\/wp-json\/wp\/v2\/media?parent=9639"}],"wp:term":[{"taxonomy":"product_brand","embeddable":true,"href":"https:\/\/reedinswiss.com\/de\/wp-json\/wp\/v2\/product_brand?post=9639"},{"taxonomy":"product_cat","embeddable":true,"href":"https:\/\/reedinswiss.com\/de\/wp-json\/wp\/v2\/product_cat?post=9639"},{"taxonomy":"product_tag","embeddable":true,"href":"https:\/\/reedinswiss.com\/de\/wp-json\/wp\/v2\/product_tag?post=9639"}],"curies":[{"name":"wp","href":"https:\/\/api.w.org\/{rel}","templated":true}]}}