{"id":7747,"date":"2024-11-05T12:00:55","date_gmt":"2024-11-05T11:00:55","guid":{"rendered":"https:\/\/reedinswiss.com\/?post_type=product&#038;p=7747"},"modified":"2025-11-26T12:21:43","modified_gmt":"2025-11-26T11:21:43","slug":"hypermodel-2025","status":"publish","type":"product","link":"https:\/\/reedinswiss.com\/de\/product\/hypermodel-2025\/","title":{"rendered":"HyperModel (2025)"},"content":{"rendered":"<p>Nous avons r\u00e9invent\u00e9 la HyperModel, le poussant \u00e0 un niveau sup\u00e9rieur dans le domaine du big air haute performance. D\u00e9sormais plus rapide, avec un retour de barre exceptionnel, une portance verticale accrue, un hangtime impressionnant et les loops les plus fluides, rapides et pr\u00e9visibles que vous puissiez imaginer.<\/p>\n<p>La HyperModel 2025 n\u2019est pas pour tout le monde ! Ce kite est rapide et ludique, avec un retour tr\u00e8s direct et engageant, con\u00e7u pour les riders qui veulent se d\u00e9passer et progresser rapidement. Notre objectif avec HyperModel a toujours \u00e9t\u00e9 de cr\u00e9er le kite le plus performant, en utilisant les meilleurs mat\u00e9riaux et m\u00e9thodes de construction disponibles.<\/p>\n<p>L\u2019hiver dernier, nous avons finalis\u00e9 une version de HyperModel avec un cadre Aluula, pensant avoir atteint le sommet en termes de performance. Puis, une opportunit\u00e9 unique s\u2019est pr\u00e9sent\u00e9e : d\u00e9velopper et fabriquer le kite dans l\u2019usine Brainchild. Nous avons alors pris un pari audacieux : r\u00e9inventer HyperModel de A \u00e0 Z, en reconsid\u00e9rant chaque \u00e9tape du d\u00e9veloppement. Le r\u00e9sultat a \u00e9t\u00e9 bluffant : un kite plus rapide, plus l\u00e9ger, plus r\u00e9actif, et plus facile \u00e0 utiliser. Tellement convaincant que nous avons d\u00e9cid\u00e9 de remplacer notre mod\u00e8le initial pour offrir un kite \u00e0 la fois plus performant et plus abordable.<\/p>\n<p>Nouvelles technologies et innovations :<\/p>\n<ul>\n<li>CROSSMIXED CANOPY : Construction en deux mat\u00e9riaux \u2013 Hardflyte rigide au centre pour une portance maximale et un angle d\u2019attaque \u00e9lev\u00e9, et Teijin T9933 sur les extr\u00e9mit\u00e9s, offrant flexibilit\u00e9 pour des virages rapides.<\/li>\n<li>PROWELD\u00ae\ufe0f : Construction Leading Edge innovante qui \u00e9limine la plupart des renforts traditionnels, r\u00e9duisant le poids de mani\u00e8re significative et assurant un transfert de couple instantan\u00e9 entre les segments.<\/li>\n<li>Nouvelles lignes de bridage : Plus rigides, plus l\u00e9g\u00e8res et plus fines.<\/li>\n<li>Syst\u00e8me de bride fixe : Optimis\u00e9 pour combiner une hauteur optimale et un depower exceptionnel, sans poulies.<\/li>\n<li>Raidisseurs de bord de fuite : R\u00e9duisent la tra\u00een\u00e9e ext\u00e9rieure lors des virages.<\/li>\n<li>Canop\u00e9e imprim\u00e9e num\u00e9riquement : Utilisation de l\u2019impression num\u00e9rique, supprimant les solvants pendant la production.<\/li>\n<\/ul>\n<p>Associant notre construction de voile hybride, notre Flex Strut et une refonte totale du design gr\u00e2ce \u00e0 la collaboration entre Damien et Ralf, nous sommes fiers de vous pr\u00e9senter le plus grand bond en avant dans le d\u00e9veloppement du kite.<\/p>\n<p>&nbsp;<\/p>\n<p><span class=\"embed-youtube\" style=\"text-align:center; display: block;\"><iframe loading=\"lazy\" class=\"youtube-player\" width=\"640\" height=\"360\" src=\"https:\/\/www.youtube.com\/embed\/1TzViOFj8Q0?version=3&#038;rel=1&#038;showsearch=0&#038;showinfo=1&#038;iv_load_policy=1&#038;fs=1&#038;hl=de-CH&#038;autohide=2&#038;wmode=transparent\" allowfullscreen=\"true\" style=\"border:0;\" sandbox=\"allow-scripts allow-same-origin allow-popups allow-presentation allow-popups-to-escape-sandbox\"><\/iframe><\/span><\/p>","protected":false},"excerpt":{"rendered":"<p>Nous avons r\u00e9invent\u00e9 la HyperModel, le poussant \u00e0 un niveau sup\u00e9rieur dans le domaine du big air haute performance. D\u00e9sormais plus rapide, avec un retour de barre exceptionnel, une portance verticale accrue, un hangtime impressionnant et les loops les plus fluides, rapides et pr\u00e9visibles que vous puissiez imaginer. La HyperModel&hellip;<\/p>","protected":false},"featured_media":9866,"comment_status":"closed","ping_status":"closed","template":"","meta":{"_coblocks_attr":"","_coblocks_dimensions":"","_coblocks_responsive_height":"","_coblocks_accordion_ie_support":"","_crdt_document":"","advanced_seo_description":"","jetpack_seo_html_title":"","jetpack_seo_noindex":false,"jetpack_publicize_message":"","jetpack_publicize_feature_enabled":true,"jetpack_social_post_already_shared":true,"jetpack_social_options":{"image_generator_settings":{"template":"highway","default_image_id":0,"font":"","enabled":false},"version":2},"_wpas_customize_per_network":false},"product_brand":[],"product_cat":[6421,6441],"product_tag":[],"class_list":{"0":"post-7747","1":"product","2":"type-product","3":"status-publish","4":"has-post-thumbnail","6":"product_cat-ailes","7":"product_cat-kitesurfing","9":"first","10":"onbackorder","11":"featured","12":"purchasable","13":"product-type-variable","14":"has-default-attributes"},"exclude_global_add_ons":[],"addons":[],"jetpack_publicize_connections":[],"jetpack_likes_enabled":false,"jetpack_sharing_enabled":false,"_links":{"self":[{"href":"https:\/\/reedinswiss.com\/de\/wp-json\/wp\/v2\/product\/7747","targetHints":{"allow":["GET"]}}],"collection":[{"href":"https:\/\/reedinswiss.com\/de\/wp-json\/wp\/v2\/product"}],"about":[{"href":"https:\/\/reedinswiss.com\/de\/wp-json\/wp\/v2\/types\/product"}],"replies":[{"embeddable":true,"href":"https:\/\/reedinswiss.com\/de\/wp-json\/wp\/v2\/comments?post=7747"}],"wp:featuredmedia":[{"embeddable":true,"href":"https:\/\/reedinswiss.com\/de\/wp-json\/wp\/v2\/media\/9866"}],"wp:attachment":[{"href":"https:\/\/reedinswiss.com\/de\/wp-json\/wp\/v2\/media?parent=7747"}],"wp:term":[{"taxonomy":"product_brand","embeddable":true,"href":"https:\/\/reedinswiss.com\/de\/wp-json\/wp\/v2\/product_brand?post=7747"},{"taxonomy":"product_cat","embeddable":true,"href":"https:\/\/reedinswiss.com\/de\/wp-json\/wp\/v2\/product_cat?post=7747"},{"taxonomy":"product_tag","embeddable":true,"href":"https:\/\/reedinswiss.com\/de\/wp-json\/wp\/v2\/product_tag?post=7747"}],"curies":[{"name":"wp","href":"https:\/\/api.w.org\/{rel}","templated":true}]}}