{"id":5544,"date":"2024-04-09T11:15:07","date_gmt":"2024-04-09T09:15:07","guid":{"rendered":"https:\/\/reedinswiss.com\/?post_type=product&#038;p=5544"},"modified":"2026-04-18T14:40:09","modified_gmt":"2026-04-18T12:40:09","slug":"twin-tip-spaceagency","status":"publish","type":"product","link":"https:\/\/reedinswiss.com\/de\/product\/twin-tip-spaceagency\/","title":{"rendered":"Twin Tip SpaceAgency 2026"},"content":{"rendered":"<p>La planche de kitesurf Reedin SpaceAgency est d\u00e9velopp\u00e9e pour ne faire aucun compromis. Cette planche arrive pour les pratiquants qui souhaitent s\u2019envoler dans les airs avec une plume sous les pieds qui permet un contr\u00f4le parfait et intuitif \u00e0 chaque instant.<\/p>\n<p>La planche est construite avec une triple couche de carbone. Elle poss\u00e8de le noyau en bois le plus fin possible afin d\u2019\u00eatre extr\u00eamement l\u00e9g\u00e8re. L\u2019utilisation de trois types de carbone diff\u00e9rents a \u00e9t\u00e9 n\u00e9cessaire afin d\u2019obtenir le meilleur contr\u00f4le de flex. Cela est accentu\u00e9 avec une structure pour g\u00e9rer au mieux la torsion. Le flex est tout de m\u00eame progressif afin d\u2019avoir une planche tol\u00e9rante et contr\u00f4lable dans les r\u00e9ceptions. Le shape est \u00e9tudi\u00e9 pour avoir une accroche parfaite \u00e0 chaque instant, les rails fins favorisent ce grip parfait. La car\u00e8ne avec le double concave qui se poursuit en quad concave augmente le contr\u00f4le de la planche, mais aussi l\u2019expansivit\u00e9 de son pop. Les ailerons de 5 cms augmentent l\u2019accroche de la planche.<\/p>\n<p>La SpaceAgency est \u00e9labor\u00e9e pour \u00eatre la planche qu\u2019on oublie sous les pieds lors des sessions ! Vous souhaitez voler sur l\u2019eau, elle sera votre alli\u00e9e !<\/p>","protected":false},"excerpt":{"rendered":"<p>La planche de kitesurf Reedin SpaceAgency est d\u00e9velopp\u00e9e pour ne faire aucun compromis. Cette planche arrive pour les pratiquants qui souhaitent s\u2019envoler dans les airs avec une plume sous les pieds qui permet un contr\u00f4le parfait et intuitif \u00e0 chaque instant. La planche est construite avec une triple couche de&hellip;<\/p>","protected":false},"featured_media":12146,"comment_status":"closed","ping_status":"closed","template":"","meta":{"_coblocks_attr":"","_coblocks_dimensions":"","_coblocks_responsive_height":"","_coblocks_accordion_ie_support":"","_crdt_document":"","advanced_seo_description":"","jetpack_seo_html_title":"","jetpack_seo_noindex":false,"jetpack_publicize_message":"","jetpack_publicize_feature_enabled":true,"jetpack_social_post_already_shared":true,"jetpack_social_options":{"image_generator_settings":{"template":"highway","default_image_id":0,"font":"","enabled":false},"version":2},"_wpas_customize_per_network":false},"product_brand":[],"product_cat":[6441,6423],"product_tag":[],"class_list":{"0":"post-5544","1":"product","2":"type-product","3":"status-publish","4":"has-post-thumbnail","6":"product_cat-kitesurfing","7":"product_cat-planches","9":"first","10":"onbackorder","11":"featured","12":"purchasable","13":"product-type-variable","14":"has-default-attributes"},"exclude_global_add_ons":[],"addons":[],"jetpack_publicize_connections":[],"jetpack_likes_enabled":false,"jetpack_sharing_enabled":false,"_links":{"self":[{"href":"https:\/\/reedinswiss.com\/de\/wp-json\/wp\/v2\/product\/5544","targetHints":{"allow":["GET"]}}],"collection":[{"href":"https:\/\/reedinswiss.com\/de\/wp-json\/wp\/v2\/product"}],"about":[{"href":"https:\/\/reedinswiss.com\/de\/wp-json\/wp\/v2\/types\/product"}],"replies":[{"embeddable":true,"href":"https:\/\/reedinswiss.com\/de\/wp-json\/wp\/v2\/comments?post=5544"}],"wp:featuredmedia":[{"embeddable":true,"href":"https:\/\/reedinswiss.com\/de\/wp-json\/wp\/v2\/media\/12146"}],"wp:attachment":[{"href":"https:\/\/reedinswiss.com\/de\/wp-json\/wp\/v2\/media?parent=5544"}],"wp:term":[{"taxonomy":"product_brand","embeddable":true,"href":"https:\/\/reedinswiss.com\/de\/wp-json\/wp\/v2\/product_brand?post=5544"},{"taxonomy":"product_cat","embeddable":true,"href":"https:\/\/reedinswiss.com\/de\/wp-json\/wp\/v2\/product_cat?post=5544"},{"taxonomy":"product_tag","embeddable":true,"href":"https:\/\/reedinswiss.com\/de\/wp-json\/wp\/v2\/product_tag?post=5544"}],"curies":[{"name":"wp","href":"https:\/\/api.w.org\/{rel}","templated":true}]}}