{"id":11447,"date":"2025-10-31T12:00:52","date_gmt":"2025-10-31T11:00:52","guid":{"rendered":"https:\/\/reedinswiss.com\/?post_type=product&#038;p=11447"},"modified":"2026-04-11T10:02:53","modified_gmt":"2026-04-11T08:02:53","slug":"mastermodel-2025","status":"publish","type":"product","link":"https:\/\/reedinswiss.com\/de\/product\/mastermodel-2025\/","title":{"rendered":"MasterModel (2026)"},"content":{"rendered":"<p data-start=\"147\" data-end=\"388\">Gr\u00e2ce \u00e0 la technologie r\u00e9volutionnaire BrainChild, l\u2019aile MasterModel est incroyablement l\u00e9g\u00e8re et joueuse malgr\u00e9 son arc unique, qui n\u00e9cessite deux lattes suppl\u00e9mentaires pour un soutien complet du profil sous tous les angles d\u2019attaque.<\/p>\n<p><strong>Traction explosive et sustentation prolong\u00e9e<br \/>\n<\/strong>L\u2019ajout de lattes rime souvent avec poids accru et rotation plus lente, mais la technologie BrainChild permet une conception si l\u00e9g\u00e8re et r\u00e9active que les deux lattes suppl\u00e9mentaires n\u2019apportent que plus de portance et de hangtime.<br data-start=\"689\" data-end=\"692\" \/>Gr\u00e2ce \u00e0 la technologie PROWELD, la MasterModel est probablement l\u2019aile \u00e0 cinq lattes la plus l\u00e9g\u00e8re du march\u00e9, gr\u00e2ce \u00e0 notre segmentation intelligente du bord d\u2019attaque et \u00e0 l\u2019optimisation des mat\u00e9riaux.<\/p>\n<p data-start=\"916\" data-end=\"943\"><strong>Design \u00e0 arc prononc\u00e9<br \/>\n<\/strong>La v\u00e9ritable magie ne r\u00e9side pas seulement dans les lattes suppl\u00e9mentaires, mais dans la synergie entre l\u2019arc prononc\u00e9, le ratio d\u2019aspect et le profil.<br data-start=\"1099\" data-end=\"1102\" \/>Le r\u00e9sultat : une aile offrant une puissance verticale incroyable, un hangtime in\u00e9gal\u00e9, tout en conservant une r\u00e9activit\u00e9 exceptionnelle.<br data-start=\"1251\" data-end=\"1254\" \/>Con\u00e7ue pour les riders qui veulent dominer les classements tout en profitant pleinement de chaque seconde pass\u00e9e dans les airs.<\/p>\n<p data-start=\"1413\" data-end=\"1438\"><strong>Traction explosive<br \/>\n<\/strong>Le design \u00e0 arc prononc\u00e9 de la MasterModel procure une puissance instantan\u00e9e. Il suffit de tirer sur la barre pour atteindre de nouvelles hauteurs plus facilement que jamais, avec plus de temps pour perfectionner vos figures.<\/p>\n<p data-start=\"1684\" data-end=\"1717\"><strong>Performance de comp\u00e9tition<br \/>\n<\/strong>La MasterModel est con\u00e7ue pour offrir des performances de niveau comp\u00e9tition : hauteurs maximales, pilotage pr\u00e9cis et rapide \u2014 tout ce qu\u2019il faut pour monter sur le podium.<\/p>\n<p data-start=\"1914\" data-end=\"1938\"><strong>Hangtime sans fin<br \/>\n<\/strong>Gr\u00e2ce \u00e0 son profil de voilure ultra-efficace, la MasterModel offre un hangtime a\u00e9rien et stable, sans besoin de pilotage avanc\u00e9. Plus de temps dans les airs signifie plus de facilit\u00e9 pour progresser et ma\u00eetriser de nouveaux tricks.<\/p>\n<p data-start=\"2190\" data-end=\"2221\"><strong>Puissance par vent l\u00e9ger<br \/>\n<\/strong>Gr\u00e2ce \u00e0 sa construction l\u00e9g\u00e8re, la MasterModel d\u00e9colle dans la moindre brise, tout en offrant une acc\u00e9l\u00e9ration instantan\u00e9e vers l\u2019avant.<\/p>\n<p data-start=\"2374\" data-end=\"2404\"><strong>Stabilit\u00e9 par vent fort<br \/>\n<\/strong>La MasterModel est \u00e9galement con\u00e7ue pour les vents puissants. Son design \u00e0 cinq lattes, combin\u00e9 \u00e0 la technologie PROWELD, garantit une aile stable et rigide, m\u00eame dans les conditions les plus difficiles.<\/p>\n<p data-start=\"2632\" data-end=\"2652\"><strong>Deuxi\u00e8me lift<br \/>\n<\/strong>Pour ceux qui veulent impressionner la foule, la MasterModel offre une seconde portance g\u00e9n\u00e9reuse, id\u00e9ale pour des heliloops infinis et des atterrissages ultra-fluides.<\/p>\n<p><span class=\"embed-youtube\" style=\"text-align:center; display: block;\"><iframe loading=\"lazy\" class=\"youtube-player\" width=\"640\" height=\"360\" src=\"https:\/\/www.youtube.com\/embed\/ZZaGHH6Pz1I?version=3&#038;rel=1&#038;showsearch=0&#038;showinfo=1&#038;iv_load_policy=1&#038;fs=1&#038;hl=de-CH&#038;autohide=2&#038;wmode=transparent\" allowfullscreen=\"true\" style=\"border:0;\" sandbox=\"allow-scripts allow-same-origin allow-popups allow-presentation allow-popups-to-escape-sandbox\"><\/iframe><\/span><\/p>\n<p>&nbsp;<\/p>\n<p>&nbsp;<\/p>","protected":false},"excerpt":{"rendered":"<p>Gr\u00e2ce \u00e0 la technologie r\u00e9volutionnaire BrainChild, l\u2019aile MasterModel est incroyablement l\u00e9g\u00e8re et joueuse malgr\u00e9 son arc unique, qui n\u00e9cessite deux lattes suppl\u00e9mentaires pour un soutien complet du profil sous tous les angles d\u2019attaque. Traction explosive et sustentation prolong\u00e9e L\u2019ajout de lattes rime souvent avec poids accru et rotation plus lente,&hellip;<\/p>","protected":false},"featured_media":11470,"comment_status":"closed","ping_status":"closed","template":"","meta":{"_coblocks_attr":"","_coblocks_dimensions":"","_coblocks_responsive_height":"","_coblocks_accordion_ie_support":"","_crdt_document":"","advanced_seo_description":"","jetpack_seo_html_title":"","jetpack_seo_noindex":false,"jetpack_publicize_message":"","jetpack_publicize_feature_enabled":true,"jetpack_social_post_already_shared":true,"jetpack_social_options":{"image_generator_settings":{"template":"highway","default_image_id":0,"font":"","enabled":false},"version":2},"_wpas_customize_per_network":false},"product_brand":[],"product_cat":[6421,6441],"product_tag":[],"class_list":{"0":"post-11447","1":"product","2":"type-product","3":"status-publish","4":"has-post-thumbnail","6":"product_cat-ailes","7":"product_cat-kitesurfing","9":"first","10":"onbackorder","11":"purchasable","12":"product-type-variable","13":"has-default-attributes"},"exclude_global_add_ons":[],"addons":[],"jetpack_publicize_connections":[],"jetpack_likes_enabled":false,"jetpack_sharing_enabled":false,"_links":{"self":[{"href":"https:\/\/reedinswiss.com\/de\/wp-json\/wp\/v2\/product\/11447","targetHints":{"allow":["GET"]}}],"collection":[{"href":"https:\/\/reedinswiss.com\/de\/wp-json\/wp\/v2\/product"}],"about":[{"href":"https:\/\/reedinswiss.com\/de\/wp-json\/wp\/v2\/types\/product"}],"replies":[{"embeddable":true,"href":"https:\/\/reedinswiss.com\/de\/wp-json\/wp\/v2\/comments?post=11447"}],"wp:featuredmedia":[{"embeddable":true,"href":"https:\/\/reedinswiss.com\/de\/wp-json\/wp\/v2\/media\/11470"}],"wp:attachment":[{"href":"https:\/\/reedinswiss.com\/de\/wp-json\/wp\/v2\/media?parent=11447"}],"wp:term":[{"taxonomy":"product_brand","embeddable":true,"href":"https:\/\/reedinswiss.com\/de\/wp-json\/wp\/v2\/product_brand?post=11447"},{"taxonomy":"product_cat","embeddable":true,"href":"https:\/\/reedinswiss.com\/de\/wp-json\/wp\/v2\/product_cat?post=11447"},{"taxonomy":"product_tag","embeddable":true,"href":"https:\/\/reedinswiss.com\/de\/wp-json\/wp\/v2\/product_tag?post=11447"}],"curies":[{"name":"wp","href":"https:\/\/api.w.org\/{rel}","templated":true}]}}