{"id":11335,"date":"2025-10-07T11:26:55","date_gmt":"2025-10-07T09:26:55","guid":{"rendered":"https:\/\/reedinswiss.com\/?post_type=product&#038;p=11335"},"modified":"2025-11-05T19:44:13","modified_gmt":"2025-11-05T18:44:13","slug":"dragbag-reedin","status":"publish","type":"product","link":"https:\/\/reedinswiss.com\/de\/product\/dragbag-reedin\/","title":{"rendered":"Dragbag Reedin"},"content":{"rendered":"<p data-start=\"0\" data-end=\"595\">DragBag est votre nouveau compagnon de voyage pr\u00e9f\u00e9r\u00e9. Que vous emballiez plusieurs kites ou wings pour un long voyage, ou que vous partiez simplement \u00e0 la plage avec votre combinaison, votre harnais et votre aile, ce sac est fait pour vous. Con\u00e7u avec une sangle d\u2019\u00e9paule \u00e0 sangle de compression, il est \u00e9quip\u00e9 d\u2019une longue poign\u00e9e unique qui \u00e9limine le besoin de roulettes pour \u00e9conomiser un poids pr\u00e9cieux, tout en permettant de le tirer facilement \u00e0 l\u2019a\u00e9roport sur le chemin de vos prochaines vacances de glisse. Une poche de rangement int\u00e9rieure permet un stockage pratique.<\/p>\n<p data-start=\"597\" data-end=\"682\" data-is-last-node=\"\" data-is-only-node=\"\"><strong data-start=\"597\" data-end=\"611\">Remarque :<\/strong> Ne tirez le sac que sur des surfaces lisses<\/p>","protected":false},"excerpt":{"rendered":"<p>DragBag est votre nouveau compagnon de voyage pr\u00e9f\u00e9r\u00e9. Que vous emballiez plusieurs kites ou wings pour un long voyage, ou que vous partiez simplement \u00e0 la plage avec votre combinaison, votre harnais et votre aile, ce sac est fait pour vous. Con\u00e7u avec une sangle d\u2019\u00e9paule \u00e0 sangle de compression,&hellip;<\/p>","protected":false},"featured_media":11337,"comment_status":"open","ping_status":"closed","template":"","meta":{"_coblocks_attr":"","_coblocks_dimensions":"","_coblocks_responsive_height":"","_coblocks_accordion_ie_support":"","_crdt_document":"","advanced_seo_description":"","jetpack_seo_html_title":"","jetpack_seo_noindex":false,"jetpack_publicize_message":"","jetpack_publicize_feature_enabled":true,"jetpack_social_post_already_shared":true,"jetpack_social_options":{"image_generator_settings":{"template":"highway","default_image_id":0,"font":"","enabled":false},"version":2},"_wpas_customize_per_network":false},"product_brand":[],"product_cat":[6436],"product_tag":[],"class_list":{"0":"post-11335","1":"product","2":"type-product","3":"status-publish","4":"has-post-thumbnail","6":"product_cat-accessoires-goodies","8":"first","9":"instock","10":"featured","11":"taxable","12":"shipping-taxable","13":"purchasable","14":"product-type-simple"},"exclude_global_add_ons":[],"addons":[],"jetpack_publicize_connections":[],"jetpack_likes_enabled":false,"jetpack_sharing_enabled":false,"_links":{"self":[{"href":"https:\/\/reedinswiss.com\/de\/wp-json\/wp\/v2\/product\/11335","targetHints":{"allow":["GET"]}}],"collection":[{"href":"https:\/\/reedinswiss.com\/de\/wp-json\/wp\/v2\/product"}],"about":[{"href":"https:\/\/reedinswiss.com\/de\/wp-json\/wp\/v2\/types\/product"}],"replies":[{"embeddable":true,"href":"https:\/\/reedinswiss.com\/de\/wp-json\/wp\/v2\/comments?post=11335"}],"wp:featuredmedia":[{"embeddable":true,"href":"https:\/\/reedinswiss.com\/de\/wp-json\/wp\/v2\/media\/11337"}],"wp:attachment":[{"href":"https:\/\/reedinswiss.com\/de\/wp-json\/wp\/v2\/media?parent=11335"}],"wp:term":[{"taxonomy":"product_brand","embeddable":true,"href":"https:\/\/reedinswiss.com\/de\/wp-json\/wp\/v2\/product_brand?post=11335"},{"taxonomy":"product_cat","embeddable":true,"href":"https:\/\/reedinswiss.com\/de\/wp-json\/wp\/v2\/product_cat?post=11335"},{"taxonomy":"product_tag","embeddable":true,"href":"https:\/\/reedinswiss.com\/de\/wp-json\/wp\/v2\/product_tag?post=11335"}],"curies":[{"name":"wp","href":"https:\/\/api.w.org\/{rel}","templated":true}]}}