{"id":3234,"date":"2019-03-17T17:19:40","date_gmt":"2019-03-17T17:19:40","guid":{"rendered":"https:\/\/goya.everthemes.com\/demo-basic\/?page_id=72"},"modified":"2021-02-16T16:52:58","modified_gmt":"2021-02-16T15:52:58","slug":"terms-conditions","status":"publish","type":"page","link":"https:\/\/reedinswiss.com\/de\/terms-conditions\/","title":{"rendered":"Vie priv\u00e9e et s\u00e9curit\u00e9"},"content":{"rendered":"<h3>\u00a0<\/h3>\r\n<h3>\u00a0<\/h3>\r\n<h3><strong>Que faisons-nous de vos informations?<\/strong><\/h3>\r\n<p>Lorsque vous achetez quelque chose sur notre site, dans le cadre du processus d&rsquo;achat et de vente, nous recueillons les renseignements personnels que vous nous fournissez, tels que votre nom, votre adresse et votre adresse \u00e9lectronique. Lorsque vous parcourez notre site, nous recevons automatiquement l&rsquo;adresse IP de votre ordinateur pour nous fournir des informations qui nous aident \u00e0 conna\u00eetre votre navigateur et votre syst\u00e8me d&rsquo;exploitation. <br \/>Avec votre permission, nous pouvons vous envoyer des courriels sur notre boutique, de nouveaux produits et d&rsquo;autres mises \u00e0 jour.<\/p>\r\n<h3><strong>Consentement<\/strong><\/h3>\r\n<p>Comment obtenez-vous notre consentement? <br \/>Lorsque vous nous fournissez des informations personnelles pour effectuer une transaction, v\u00e9rifiez votre carte de cr\u00e9dit, passez une commande, organisez une livraison ou renvoyez un achat, nous partons du principe que vous consentez \u00e0 ce que ces informations soient utilis\u00e9es pour cette raison sp\u00e9cifique uniquement. Si nous demandons vos renseignements personnels pour une raison secondaire, comme le marketing, nous vous demanderons directement votre consentement ou vous donnerons l&rsquo;occasion de dire non. <br \/><br \/>Comment puis-je retirer mon consentement? <br \/>Si apr\u00e8s avoir accept\u00e9, vous changez d&rsquo;avis, vous pouvez retirer votre accord pour que nous puissions vous contacter, pour la collecte, l&rsquo;utilisation ou la divulgation continue de vos informations, en tout temps, en nous contactant \u00e0 info@reedinswiss.com<\/p>\r\n<h3><strong>S\u00e9curit\u00e9<\/strong><\/h3>\r\n<p>Afin de prot\u00e9ger vos renseignements personnels, nous prenons des pr\u00e9cautions raisonnables et nous nous conformons aux pratiques exemplaires de l&rsquo;industrie pour nous assurer qu&rsquo;elle n&rsquo;est pas perdue, mal utilis\u00e9e, consult\u00e9e, divulgu\u00e9e, modifi\u00e9e ou d\u00e9truite de fa\u00e7on inappropri\u00e9e. Si vous nous fournissez les informations de votre carte de cr\u00e9dit, les informations sont chiffr\u00e9es \u00e0 l&rsquo;aide de la technologie de couche de connexion s\u00e9curis\u00e9e (SSL) et stock\u00e9es avec un cryptage.<\/p>\r\n<h3><strong>Cookies<\/strong><\/h3>\r\n<p>Notre site internet <a href=\"https:\/\/reedinswiss.com\/de\/\" rel=\"nofollow\">http:\/\/www.reedinswiss.com<\/a> utilise les cookies.<\/p>\r\n<h3><strong>Modifications apport\u00e9es \u00e0 cette politique de confidentialit\u00e9<\/strong><\/h3>\r\n<p>Nous nous r\u00e9servons le droit de modifier cette politique de confidentialit\u00e9 \u00e0 tout moment. Veuillez donc la consulter fr\u00e9quemment. Les modifications et les clarifications prendront effet imm\u00e9diatement apr\u00e8s leur affichage sur le site Web. Si nous apportons des changements importants \u00e0 cette politique, nous vous informerons ici qu&rsquo;elle a \u00e9t\u00e9 mise \u00e0 jour, afin que vous sachiez quels renseignements nous recueillons, comment nous les utilisons et dans quelles circonstances, si nous les utilisons et\/ou divulguons. Si notre site est acquis ou fusionne avec une autre soci\u00e9t\u00e9, vos informations peuvent \u00eatre transf\u00e9r\u00e9es aux nouveaux propri\u00e9taires afin que nous puissions continuer \u00e0 vous proposer des produits.<\/p>\r\n<h3><strong>Questions et contact<\/strong><\/h3>\r\n<p>Si vous souhaitez: acc\u00e9der, corriger, modifier ou supprimer vos informations personnelles ou obtenir plus d&rsquo;informations, contactez-nous \u00e0 info@reedinswiss.com<a title=\"\" href=\"mailto:info@tabashop.ch\" target=\"_blank\" rel=\"noopener\" data-original-title=\"\" aria-describedby=\"tooltip97514\"><br \/><\/a><\/p>","protected":false},"excerpt":{"rendered":"<p>\u00a0 \u00a0 Que faisons-nous de vos informations? Lorsque vous achetez quelque chose sur notre site, dans le cadre du processus d&rsquo;achat et de vente, nous recueillons les renseignements personnels que vous nous fournissez, tels que votre nom, votre adresse et votre adresse \u00e9lectronique. Lorsque vous parcourez notre site, nous recevons&hellip;<\/p>","protected":false},"author":150249538,"featured_media":0,"parent":0,"menu_order":0,"comment_status":"closed","ping_status":"closed","template":"","meta":{"_coblocks_attr":"","_coblocks_dimensions":"","_coblocks_responsive_height":"","_coblocks_accordion_ie_support":"","_crdt_document":"","advanced_seo_description":"","jetpack_seo_html_title":"","jetpack_seo_noindex":false,"footnotes":""},"class_list":["post-3234","page","type-page","status-publish","hentry"],"jetpack_likes_enabled":false,"jetpack_sharing_enabled":false,"jetpack_shortlink":"https:\/\/wp.me\/Pcyvhs-Qa","amp_enabled":true,"_links":{"self":[{"href":"https:\/\/reedinswiss.com\/de\/wp-json\/wp\/v2\/pages\/3234","targetHints":{"allow":["GET"]}}],"collection":[{"href":"https:\/\/reedinswiss.com\/de\/wp-json\/wp\/v2\/pages"}],"about":[{"href":"https:\/\/reedinswiss.com\/de\/wp-json\/wp\/v2\/types\/page"}],"author":[{"embeddable":true,"href":"https:\/\/reedinswiss.com\/de\/wp-json\/wp\/v2\/users\/150249538"}],"replies":[{"embeddable":true,"href":"https:\/\/reedinswiss.com\/de\/wp-json\/wp\/v2\/comments?post=3234"}],"version-history":[{"count":3,"href":"https:\/\/reedinswiss.com\/de\/wp-json\/wp\/v2\/pages\/3234\/revisions"}],"predecessor-version":[{"id":3606,"href":"https:\/\/reedinswiss.com\/de\/wp-json\/wp\/v2\/pages\/3234\/revisions\/3606"}],"wp:attachment":[{"href":"https:\/\/reedinswiss.com\/de\/wp-json\/wp\/v2\/media?parent=3234"}],"curies":[{"name":"wp","href":"https:\/\/api.w.org\/{rel}","templated":true}]}}