{"id":3109,"date":"2019-10-24T00:57:41","date_gmt":"2019-10-24T00:57:41","guid":{"rendered":"https:\/\/goya.everthemes.com\/demo-fashion\/?page_id=3109"},"modified":"2021-03-03T14:36:33","modified_gmt":"2021-03-03T13:36:33","slug":"privacy-policy-2","status":"publish","type":"page","link":"https:\/\/reedinswiss.com\/de\/privacy-policy-2\/","title":{"rendered":"Mentions l\u00e9gales"},"content":{"rendered":"<div>\u00a0<\/div>\r\n<div>\u00a0<\/div>\r\n<div>\u00a0<\/div>\r\n<div>\u00a0<\/div>\r\n<div>\u00a0<\/div>\r\n<div class=\"gmail_default\">Soci\u00e9t\u00e9:<\/div>\r\n<div class=\"gmail_default\">Grand Chelem S\u00e0rl, Reedin Switzerland<\/div>\r\n<div class=\"gmail_default\">Quai Laval 1<\/div>\r\n<div class=\"gmail_default\">1898 St-Gingolph<\/div>\r\n<div class=\"gmail_default\">Suisse<\/div>\r\n<div>\u00a0<\/div>\r\n<div dir=\"ltr\">\r\n<h3 class=\"gmail_default\"><b>Protection des donn\u00e9es personnelles<\/b><\/h3>\r\n<p class=\"gmail_default\">Repr\u00e9sent\u00e9 par la soci\u00e9t\u00e9 Grand Chelem S\u00e0rl s\u2019engage \u00e0 ce que toutes les informations relatives \u00e0 nos clients restent strictement confidentielles, conform\u00e9ment \u00e0 la loi sur la protection des donn\u00e9es personnelles. Les donn\u00e9es recueillies seront utilis\u00e9es uniquement dans un but professionnel (invitations \u00e0 des \u00e9v\u00e9nements, newsletter, informations sur les produits) et ne seront en aucun cas divulgu\u00e9es \u00e0 des tiers.<\/p>\r\n<h3 class=\"gmail_default\"><b>Qualit\u00e9 des produits<\/b><\/h3>\r\n<p class=\"gmail_default\">Chaque bo\u00eete est ouverte et inspect\u00e9e avant l\u2019envoi. Les bo\u00eetes sont emball\u00e9es herm\u00e9tiquement pour permettre aux cigares de conserver leur humidit\u00e9 lors du transport.<\/p>\r\n<h3 class=\"gmail_default\"><b>Paiement et prix affich\u00e9s<\/b><\/h3>\r\n<p class=\"gmail_default\">Tous nos produits sont affich\u00e9s en francs suisses avec la TVA de 7.7% comprise dans le prix. Nous garantissons \u00e0 nos clients un syst\u00e8me de paiement enti\u00e8rement s\u00e9curis\u00e9. Nous acceptons les cartes de cr\u00e9dit Visa, MasterCard, American Express, Postcard ainsi que Twint.<\/p>\r\n<h3 class=\"gmail_default\"><b>Responsabilit\u00e9 du client<\/b><\/h3>\r\n<p class=\"gmail_default\">Le client devient responsable de la marchandise livr\u00e9e d\u00e8s r\u00e9ception, m\u00eame si la livraison est effectu\u00e9e \u00e0 un endroit diff\u00e9rent de l&rsquo;adresse de facturation. De plus, le client accepte de se conformer aux lois en vigueur concernant l\u2019importation et l\u2019exportation dans son pays de r\u00e9sidence.<\/p>\r\n<h3 class=\"gmail_default\"><b>Droits d&rsquo;auteurs<\/b><\/h3>\r\n<p class=\"gmail_default\">Le t\u00e9l\u00e9chargement ou la copie de textes, d&rsquo;illustrations, de photographies ou d&rsquo;autres donn\u00e9es n&rsquo;entra\u00eene aucun transfert de droits sur les contenus. Les droits d&rsquo;auteur et tous les autres droits li\u00e9s aux textes, illustrations, photographies et autres donn\u00e9es plac\u00e9s sur le site <a href=\"https:\/\/reedinswiss.com\/de\/\" rel=\"nofollow\">http:\/\/www.reedinswiss.com<\/a> sont la propri\u00e9t\u00e9 de Grand Chelem S\u00e0rl, ou celle des d\u00e9tenteurs express\u00e9ment cit\u00e9s. Toute reproduction est subordonn\u00e9e \u00e0 l&rsquo;autorisation \u00e9crite pr\u00e9alable du d\u00e9tenteur des droits.<\/p>\r\n<h3 class=\"gmail_default\"><b>FOR juridique<\/b><\/h3>\r\n<p class=\"gmail_default\">Le For juridique est \u00e0 St-Gingolph, Suisse.<\/p>\r\n<\/div>","protected":false},"excerpt":{"rendered":"<p>\u00a0 \u00a0 \u00a0 \u00a0 \u00a0 Soci\u00e9t\u00e9: Grand Chelem S\u00e0rl, Reedin Switzerland Quai Laval 1 1898 St-Gingolph Suisse \u00a0 Protection des donn\u00e9es personnelles Repr\u00e9sent\u00e9 par la soci\u00e9t\u00e9 Grand Chelem S\u00e0rl s\u2019engage \u00e0 ce que toutes les informations relatives \u00e0 nos clients restent strictement confidentielles, conform\u00e9ment \u00e0 la loi sur la protection&hellip;<\/p>","protected":false},"author":150249538,"featured_media":0,"parent":0,"menu_order":0,"comment_status":"closed","ping_status":"closed","template":"","meta":{"_coblocks_attr":"","_coblocks_dimensions":"","_coblocks_responsive_height":"","_coblocks_accordion_ie_support":"","_crdt_document":"","advanced_seo_description":"","jetpack_seo_html_title":"","jetpack_seo_noindex":false,"footnotes":""},"class_list":["post-3109","page","type-page","status-publish","hentry"],"jetpack_likes_enabled":false,"jetpack_sharing_enabled":false,"jetpack_shortlink":"https:\/\/wp.me\/Pcyvhs-O9","amp_enabled":true,"_links":{"self":[{"href":"https:\/\/reedinswiss.com\/de\/wp-json\/wp\/v2\/pages\/3109","targetHints":{"allow":["GET"]}}],"collection":[{"href":"https:\/\/reedinswiss.com\/de\/wp-json\/wp\/v2\/pages"}],"about":[{"href":"https:\/\/reedinswiss.com\/de\/wp-json\/wp\/v2\/types\/page"}],"author":[{"embeddable":true,"href":"https:\/\/reedinswiss.com\/de\/wp-json\/wp\/v2\/users\/150249538"}],"replies":[{"embeddable":true,"href":"https:\/\/reedinswiss.com\/de\/wp-json\/wp\/v2\/comments?post=3109"}],"version-history":[{"count":8,"href":"https:\/\/reedinswiss.com\/de\/wp-json\/wp\/v2\/pages\/3109\/revisions"}],"predecessor-version":[{"id":3759,"href":"https:\/\/reedinswiss.com\/de\/wp-json\/wp\/v2\/pages\/3109\/revisions\/3759"}],"wp:attachment":[{"href":"https:\/\/reedinswiss.com\/de\/wp-json\/wp\/v2\/media?parent=3109"}],"curies":[{"name":"wp","href":"https:\/\/api.w.org\/{rel}","templated":true}]}}